{"id":154,"date":"2023-01-22T20:15:55","date_gmt":"2023-01-22T20:15:55","guid":{"rendered":"https:\/\/HRM Institute.com\/?page_id=154"},"modified":"2023-01-31T16:21:05","modified_gmt":"2023-01-31T16:21:05","slug":"datenschutz","status":"publish","type":"page","link":"https:\/\/www.hrm.de\/institute\/datenschutz\/","title":{"rendered":"Datenschutz"},"content":{"rendered":"\n<h1 class=\"wp-block-heading\">Pers\u00f6nliche Daten<\/h1>\n\n\n\n<p>Pers\u00f6nliche Daten, die Sie auf dieser Webseite elektronisch \u00fcbermitteln, z.B. Ihren Namen, Postanschrift, E-Mail-Adresse oder andere pers\u00f6nlichen Angaben, werden von uns nur zum jeweils angegebenen Zweck verwendet, sicher verwahrt und nicht an Dritte weitergegeben.<\/p>\n\n\n\n<h1 class=\"wp-block-heading\">Nutzungsdaten<\/h1>\n\n\n\n<p>Der Erhebung und Nutzung Ihrer IP-Adresse durch Google Analytics k\u00f6nnen Sie jederzeit mit Wirkung f\u00fcr die Zukunft widersprechen. N\u00e4here Informationen hierzu finden Sie unter&nbsp;<a href=\"http:\/\/tools.google.com\/dlpage\/gaoptout?hl=de\" target=\"_blank\" rel=\"noreferrer noopener\">tools.google.com\/dlpage\/gaoptout<\/a>. Wir weisen Sie darauf hin, dass auf dieser Webseite Google Analytics um den Code \u201egat._anonymizeIp();\u201c erweitert wurde, um eine anonymisierte Erfassung von IP-Adressen zu gew\u00e4hrleisten.<\/p>\n\n\n\n<p>Diese Webseite benutzt Google Analytics, einen Webanalysedienst der Google Inc. (\u201eGoogle\u201c). Google Analytics verwendet sog. \u201eCookies\u201c, Textdateien, die auf Ihrem Computer gespeichert werden und die eine Analyse der Benutzung der Webseite durch Sie erm\u00f6glichen. Die durch den Cookie erzeugten Informationen \u00fcber Ihre Benutzung dieser Webseite (einschlie\u00dflich Ihrer IP-Adresse) werden an einen Server von Google in den USA \u00fcbertragen und dort gespeichert. Google wird diese Informationen benutzen, um Ihre Nutzung der Webseite auszuwerten, um Reports \u00fcber die Webseitenaktivit\u00e4ten f\u00fcr die Webseitenbetreiber zusammenzustellen und um weitere mit der Websitenutzung und der Internetnutzung verbundene Dienstleistungen zu erbringen. Auch wird Google diese Informationen gegebenenfalls an Dritte \u00fcbertragen, sofern dies gesetzlich vorgeschrieben oder soweit Dritte diese Daten im Auftrag von Google verarbeiten. Google wird in keinem Fall Ihre IP-Adresse mit anderen Daten von Google in Verbindung bringen. Sie k\u00f6nnen die Installation der Cookies durch eine entsprechende Einstellung Ihrer Browser Software verhindern; wir weisen Sie jedoch darauf hin, dass Sie in diesem Fall gegebenenfalls nicht s\u00e4mtliche Funktionen dieser Website vollumf\u00e4nglich nutzen k\u00f6nnen. Durch die Nutzung dieser Webseite erkl\u00e4ren Sie sich mit der Bearbeitung der \u00fcber Sie erhobenen Daten durch Google in der zuvor beschriebenen Art und Weise und zu dem zuvor benannten Zweck einverstanden.<\/p>\n\n\n\n<p>Wir arbeiten mit der B2B Media Group EMEA GmbH, einem Anbieter f\u00fcr Web-Analyse und Zielgruppen-Marketing zusammen. B2B Media Group EMEA GmbH verwendet sogenannte Cookies, eine Textdatei, die im Browser des Computers gespeichert wird und anonyme Nutzungsdaten erhebt\/enth\u00e4lt. Aus diesen Daten k\u00f6nnen unter einem Pseudonym Nutzungsprofile erstellt werden. Es werden jedoch keine personenbezogenen Angaben ohne Einverst\u00e4ndniserkl\u00e4rung des Betroffenen erfasst. Soweit IP-Adressen erhoben werden, werden diese durch L\u00f6schen des letzten Nummernblocks anonymisiert abgespeichert und nicht mit den Cookies zusammengef\u00fchrt. Bei den Cookies handelt es sich entweder um B2B Media Group EMEA GmbH Cookies oder Cookies von Dienstleistern, die ebenfalls auf die Einhaltung des Datenschutzes verpflichtet sind, der sich B2B Media Group EMEA GmbH bedient, wie z. B. krux digital Inc., Google Inc. etc. Sie k\u00f6nnen Cookies jederzeit direkt in Ihrem Browser l\u00f6schen. Die B2B Media Group EMEA GmbH verwendet diese Daten, um die Nutzung der Website durch die Besucher auszuwerten und zum Zwecke nutzungsbasierter Online-Werbung (OBA).<\/p>\n\n\n\n<h1 class=\"wp-block-heading\">Informationen zur Online-Streitbeilegung<\/h1>\n\n\n\n<p>Die EU-Kommission stellt eine Internetplattform zur Online-Beilegung von Streitigkeiten (sog. \u201eOS-Plattform\u201c) bereit, welche aus vertraglichen Verpflichtungen aus Online-Kaufvertr\u00e4gen erwachsen. Die OS-Plattform ist unter folgendem Link erreichbar:<br><a href=\"http:\/\/ec.europa.eu\/consumers\/odr\" target=\"_blank\" rel=\"noreferrer noopener\">http:\/\/ec.europa.eu\/consumers\/odr<\/a><\/p>\n\n\n\n<hr class=\"wp-block-separator has-alpha-channel-opacity\"\/>\n\n\n\n<h1 class=\"wp-block-heading\">Datenschutzerkl\u00e4rung f\u00fcr Bewerbungen bei der HRM Institute messe GmbH &amp; Co KG<\/h1>\n\n\n\n<h2 class=\"wp-block-heading\">A. Verantwortliche Stelle der Datenverarbeitung, Datenschutzbeauftragter<\/h2>\n\n\n\n<p>Wir, die &nbsp;<\/p>\n\n\n\n<p><strong>HRM Institute messe GmbH &amp; Co KG<br>Rheinkaistra\u00dfe 2<br>68159 Mannheim<br>Tel.: +49 621 40166-0<br>E-Mail: info@HRM Institute.com<\/strong><\/p>\n\n\n\n<p>sind f\u00fcr die Verarbeitung personenbezogener Daten im Rahmen Ihrer Bewerbung bei uns gem\u00e4\u00df den Vorschriften der Datenschutzgrundverordnung (DSGVO) verantwortlich.<\/p>\n\n\n\n<p>Mit dieser Datenschutzerkl\u00e4rung m\u00f6chten wir Sie \u00fcber die Art, den Umfang sowie die Zwecke der Verarbeitung Ihrer personenbezogenen Daten (nachfolgend nur noch \u201eDaten\u201c) entsprechend informieren.<\/p>\n\n\n\n<h2 class=\"wp-block-heading\">B. Datenverwendung, Verarbeitungszwecke und Rechtsgrundlagen<\/h2>\n\n\n\n<p>Bei einer Bewerbung verarbeiten wir Daten. Personenbezogene Daten werden von uns allein f\u00fcr den Zweck verwendet und verarbeitet, zu dem Sie uns diese Daten zur Verf\u00fcgung gestellt haben, etwa durch Einwilligung oder zur Erf\u00fcllung unserer vertraglichen Verpflichtung.<\/p>\n\n\n\n<p><strong>a) Bewerbungen<\/strong><\/p>\n\n\n\n<p>Wenn Sie uns eine Bewerbung \u00fcber das Online-Bewerbungsportal oder per E-Mail oder Post zukommen lassen, verarbeiten wir die folgenden Daten:<\/p>\n\n\n\n<ul class=\"wp-block-list\">\n<li>Personenstammdaten: Name, Vorname, Geburtsdatum<\/li>\n\n\n\n<li>Adresse<\/li>\n\n\n\n<li>Kontaktdaten: Telefonnummer(n), E-Mailadresse<\/li>\n\n\n\n<li>Bewerbungsunterlagen: s\u00e4mtliche Unterlagen, die Sie uns zukommen lassen, wie Bewerbungsschreiben, Motivationsschreiben, Lebenslauf, Zeugnisse.<\/li>\n<\/ul>\n\n\n\n<p>Die Daten werden von uns zum Zweck der Bearbeitung Ihrer Bewerbung gespeichert und verarbeitet. Die Verarbeitung erfolgt ausschlie\u00dflich zum Zweck der Besetzung freier Stellen innerhalb unseres Unternehmens. Ihre Daten werden f\u00fcr das konkrete Bewerbungsverfahren f\u00fcr die Stelle, auf die Sie sich beworben haben verwendet. Rechtsgrundlage f\u00fcr diese Verarbeitung ist die&nbsp;<strong>Durchf\u00fchrung vorvertraglicher Ma\u00dfnahmen gem\u00e4\u00df Art. 6 Abs. 1 Ziffer b DSGVO.<\/strong><\/p>\n\n\n\n<p><strong>b) Bewerbungspool<\/strong><\/p>\n\n\n\n<p>Wenn Sie Ihre Bewerbung auch f\u00fcr weitere Stellen freigeben m\u00f6chten, k\u00f6nnen Sie in den Bewerbungspool aufgenommen werden. Dann speichern wir Ihre Daten in einem Datenpool und \u00fcberpr\u00fcfen, ob Ihre Bewerbung auf eine andere Stelle passt.<\/p>\n\n\n\n<p>Bevor Sie in den Datenpool aufgenommen werden, holen wir die folgende Einwilligung ein:<\/p>\n\n\n\n<p>[ ] Ich m\u00f6chte, dass meine Daten auch zum Zweck der Besetzung anderer Stellen verarbeitet werden. Meine Daten sollen hierf\u00fcr in einen Datenpool zur Besetzung von Stellen bei der HRM Institute messe GmbH &amp; Co KG aufgenommen werden. Sollte meine Bewerbung auf eine andere Stelle passen darf mich die HRM Institute messe GmbH &amp; Co KG diesbez\u00fcglich kontaktieren. Der Widerruf ist jederzeit m\u00f6glich.<\/p>\n\n\n\n<p>Ihre Daten werden von uns im Rahmen des Bewerbungspools auf der Grundlage Ihrer&nbsp;<strong>Einwilligung gem\u00e4\u00df Art. 6 Abs. 1 a) DSGVO verarbeitet.<\/strong><\/p>\n\n\n\n<h2 class=\"wp-block-heading\">C. Speicherdauer<\/h2>\n\n\n\n<p>Personenbezogene Daten, die uns im Rahmen einer Bewerbung mitgeteilt worden sind, werden so lange gespeichert, bis der Zweck erf\u00fcllt ist, zu dem sie uns anvertraut wurden. Soweit gesetzliche Rechte oder Pflichten zur Aufbewahrung zu beachten sind, kann die Speicherdauer bis zu 10 Jahre betragen.<\/p>\n\n\n\n<h2 class=\"wp-block-heading\">D. Ihre Betroffenenrechte<\/h2>\n\n\n\n<p><strong>1. Auskunft<\/strong><\/p>\n\n\n\n<p>Auf Wunsch erhalten Sie jederzeit unentgeltlich Auskunft \u00fcber alle personenbezogenen Daten, die wir \u00fcber Sie gespeichert haben.<\/p>\n\n\n\n<p><strong>2. Berichtigung, L\u00f6schung, Einschr\u00e4nkung der Verarbeitung (Sperrung), Widerspruch<\/strong><\/p>\n\n\n\n<p>Sollten Sie mit der Speicherung Ihrer personenbezogenen Daten nicht mehr einverstanden oder diese unrichtig geworden sein, werden wir auf eine entsprechende Weisung hin die L\u00f6schung oder Sperrung Ihrer Daten veranlassen oder die notwendigen Korrekturen vornehmen (soweit dies nach dem geltenden Recht m\u00f6glich ist). Gleiches gilt, sofern wir Daten k\u00fcnftig nur noch einschr\u00e4nkend verarbeiten sollen.<\/p>\n\n\n\n<p><strong>3. Daten\u00fcbertragbarkeit<\/strong><\/p>\n\n\n\n<p>Wir speichern Ihre Daten in einer \u00fcbertragbaren Form, so dass die Daten auf Ihren Wunsch auch an ein anderes Unternehmen \u00fcbertragen werden k\u00f6nnen.<\/p>\n\n\n\n<p><strong>4. Aus\u00fcbung Ihrer Betroffenenrechte<\/strong><\/p>\n\n\n\n<p>Bei Fragen zur Verarbeitung Ihrer personenbezogenen Daten, bei Ausk\u00fcnften, Berichtigung, Sperrung, Widerspruch oder L\u00f6schung von Daten oder dem Wunsch der \u00dcbertragung der Daten an ein anderes Unternehmen, wenden Sie sich bitte an:<\/p>\n\n\n\n<p>HRM Institute messe GmbH &amp; Co KG<br>Rheinkaistra\u00dfe 2<br>68159 Mannheim<br>Tel.: +49 621 40166-0<br>E-Mail: info@HRM Institute.com<\/p>\n\n\n\n<p><strong>5. Unser Datenschutzbeauftragter<\/strong><\/p>\n\n\n\n<p>Datenschutzbeauftragter<br>HRM Institute messe GmbH &amp; Co KG<br>Rheinkaistra\u00dfe 2<br>68159 Mannheim<\/p>\n\n\n\n<p>E-Mail:&nbsp;<a>datenschutzbeauftragter@confidat.de<\/a><br>Telefon: 0621\/86179498<\/p>\n\n\n\n<p><strong>6. Beschwerderecht<\/strong><\/p>\n\n\n\n<p>Zudem besteht ein Beschwerderecht bei der zust\u00e4ndigen Aufsichtsbeh\u00f6rde (<a href=\"https:\/\/www.bfdi.bund.de\/DE\/Infothek\/Anschriften_Links\/anschriften_links-node.html\" target=\"_blank\" rel=\"noreferrer noopener\">https:\/\/www.bfdi.bund.de\/DE\/Infothek\/Anschriften_Links\/anschriften_links-node.html<\/a>).<\/p>\n\n\n\n<p><strong>7. Bitte beachten Sie<\/strong><\/p>\n\n\n\n<p>Daten, bei denen wir nicht in der Lage sind die betroffene Person zu identifizieren, bspw. wenn diese zu Analysezwecken anonymisiert wurden, sind nicht von den vorstehenden Rechten umfasst. Auskunft, L\u00f6schung, Sperrung, Korrektur oder \u00dcbertragung an ein anderes Unternehmen sind in Bezug auf diese Daten nur m\u00f6glich, wenn Sie uns zus\u00e4tzliche Informationen, die uns eine Identifizierung der Daten erlauben, bereitstellen.<\/p>\n\n\n\n<h2 class=\"wp-block-heading\">E. Widerruf bei Einwilligungen mit Wirkung f\u00fcr die Zukunft<\/h2>\n\n\n\n<p>Erteilte Einwilligungen k\u00f6nnen Sie mit Wirkung f\u00fcr die Zukunft jederzeit widerrufen. Daten f\u00fcr Abrechnungs- und buchhalterische Zwecke sind von einer K\u00fcndigung \/ einem Widerruf bzw. von einer L\u00f6schung nicht ber\u00fchrt. Durch Ihren Widerruf wird die Rechtm\u00e4\u00dfigkeit der bisherigen Verarbeitung nicht ber\u00fchrt.<\/p>\n","protected":false},"excerpt":{"rendered":"<p>Pers\u00f6nliche Daten Pers\u00f6nliche Daten, die Sie auf dieser Webseite elektronisch \u00fcbermitteln, z.B. Ihren Namen, Postanschrift, E-Mail-Adresse oder andere pers\u00f6nlichen Angaben, werden von uns nur zum jeweils angegebenen Zweck verwendet, sicher verwahrt und nicht an Dritte weitergegeben. Nutzungsdaten Der Erhebung und Nutzung Ihrer IP-Adresse durch Google Analytics k\u00f6nnen Sie jederzeit mit Wirkung f\u00fcr die Zukunft widersprechen. [&hellip;]<\/p>\n","protected":false},"author":1,"featured_media":0,"parent":0,"menu_order":0,"comment_status":"closed","ping_status":"closed","template":"","meta":{"_acf_changed":false,"_kad_blocks_custom_css":"","_kad_blocks_head_custom_js":"","_kad_blocks_body_custom_js":"","_kad_blocks_footer_custom_js":"","footnotes":""},"categories":[],"tags":[],"class_list":["post-154","page","type-page","status-publish","hentry"],"blocksy_meta":{"styles_descriptor":{"styles":{"desktop":"","tablet":"","mobile":""},"google_fonts":[],"version":6}},"acf":{"externe_url":""},"taxonomy_info":[],"featured_image_src_large":false,"author_info":{"display_name":"makis","author_link":"https:\/\/www.hrm.de\/institute\/author\/makis\/"},"comment_info":0,"_links":{"self":[{"href":"https:\/\/www.hrm.de\/institute\/wp-json\/wp\/v2\/pages\/154","targetHints":{"allow":["GET"]}}],"collection":[{"href":"https:\/\/www.hrm.de\/institute\/wp-json\/wp\/v2\/pages"}],"about":[{"href":"https:\/\/www.hrm.de\/institute\/wp-json\/wp\/v2\/types\/page"}],"author":[{"embeddable":true,"href":"https:\/\/www.hrm.de\/institute\/wp-json\/wp\/v2\/users\/1"}],"replies":[{"embeddable":true,"href":"https:\/\/www.hrm.de\/institute\/wp-json\/wp\/v2\/comments?post=154"}],"version-history":[{"count":2,"href":"https:\/\/www.hrm.de\/institute\/wp-json\/wp\/v2\/pages\/154\/revisions"}],"predecessor-version":[{"id":292,"href":"https:\/\/www.hrm.de\/institute\/wp-json\/wp\/v2\/pages\/154\/revisions\/292"}],"wp:attachment":[{"href":"https:\/\/www.hrm.de\/institute\/wp-json\/wp\/v2\/media?parent=154"}],"wp:term":[{"taxonomy":"category","embeddable":true,"href":"https:\/\/www.hrm.de\/institute\/wp-json\/wp\/v2\/categories?post=154"},{"taxonomy":"post_tag","embeddable":true,"href":"https:\/\/www.hrm.de\/institute\/wp-json\/wp\/v2\/tags?post=154"}],"curies":[{"name":"wp","href":"https:\/\/api.w.org\/{rel}","templated":true}]}}